{"id":206,"date":"2024-06-03T11:43:51","date_gmt":"2024-06-03T11:43:51","guid":{"rendered":"https:\/\/www.yabancidiledinimi.com\/site\/?page_id=206"},"modified":"2024-06-03T11:43:51","modified_gmt":"2024-06-03T11:43:51","slug":"hakkimizda","status":"publish","type":"page","link":"https:\/\/www.yabancidiledinimi.com\/site\/hakkimizda\/","title":{"rendered":"Hakk\u0131m\u0131zda"},"content":{"rendered":"\n<p>Projemiz, s\u00fcrd\u00fcr\u00fclebilir ve nitelikli e\u011fitim kapsam\u0131nda, \u00f6\u011frenen a\u00e7\u0131s\u0131ndan dil edinimini en iyi performansta kullanma ve yabanc\u0131 dili konu\u015fabilme i\u00e7in gerekli olan ko\u015fullar\u0131n neler oldu\u011funu belirleme amac\u0131yla y\u00fcr\u00fct\u00fclmektedir. Yabanc\u0131 dil, ileti\u015fim, medya ve bilgisayar teknolojileri alanlar\u0131nda uzman akademisyenlerden olu\u015fan proje ekibimiz; yabanc\u0131 dil edinimini yenilik\u00e7i ve e\u011flenceli y\u00f6ntemlerle sevdirmeyi ama\u00e7lamaktad\u0131r. Dijital ileti\u015fim ve dijital e\u011fitimin \u00f6n plana \u00e7\u0131kt\u0131\u011f\u0131 \u00e7a\u011f\u0131m\u0131zda, yard\u0131mc\u0131 materyaller olarak g\u00f6r\u00fclen videolar, \u00e7e\u015fitli platformlarda yay\u0131nlanma imk\u00e2n\u0131na sahiptirler. <\/p>\n\n\n\n<p>Bu projede \u00f6\u011frenen a\u00e7\u0131s\u0131ndan dil edinimini en iyi performansta kullanma ve yabanc\u0131 dili konu\u015fabilme i\u00e7in \u0130ngilizce dilinde ders videolar\u0131 ve s\u00f6yle\u015fi videolar\u0131 haz\u0131rlamak ama\u00e7lanmaktad\u0131r. \u0130\u00e7eri\u011finde \u00f6zg\u00fcn karakterlerle tasarlanan animasyonlar\u0131n bulundu\u011fu videolar\u0131n i\u00e7eri\u011fi \u00e7e\u015fitlidir. Videolarda tasarlanan \u00f6zg\u00fcn karakterlerin \u201cYumyum (sincap) ve Chickster (f\u0131st\u0131k)\u201d bulundu\u011fu dil edinimi hakk\u0131nda \u00e7ekilecek videolar\u0131n izleyen hedef kitleye fark\u0131ndal\u0131k kazand\u0131raca\u011f\u0131 d\u00fc\u015f\u00fcn\u00fclmektedir. Bu konuda Atat\u00fcrk \u00dcniversitesi Vak\u0131f Okullar\u0131 y\u00f6netimi taraf\u0131ndan belirlenecek olan k\u00fc\u00e7\u00fck ya\u015f grubu \u00f6\u011frencilerine (anaokul-ilkokul) videolardaki Yumyum (sincap) ve Chickster (f\u0131st\u0131k) olan \u00f6zg\u00fcn karakterler ile bu \u00f6\u011frencilere uygulamal\u0131 \u0130ngilizce dersler anlat\u0131lacakt\u0131r. B\u00fct\u00fcn bunlara ek olarak \u00f6\u011frencilerin velilerine de seminer verilecektir. Seminer i\u00e7eri\u011finde geli\u015ftirilen soru-cevap \u015feklindeki \u00f6zg\u00fcn s\u00f6yle\u015fi videolar\u0131 ile dilin edinim s\u00fcre\u00e7leri sohbetlerle izleyiciyle payla\u015f\u0131lacakt\u0131r.\u00a0\u00a0\u00c7ekimi yap\u0131l\u0131p montaj\u0131 tamamlanan s\u00f6yle\u015fi videolar\u0131 A\u00e7\u0131k ve Uzaktan \u00d6\u011fretim Fak\u00fcltesi \u00f6\u011frencileri ile de payla\u015f\u0131lacakt\u0131r. <\/p>\n\n\n\n<p>Sohbet videolar\u0131 Fak\u00fcltenin web sitesinden ula\u015f\u0131labilecek <a href=\"http:\/\/www.yabancidiledinimi.com\">www.yabancidiledinimi.com<\/a> adresinden ve bunun yan\u0131nda Kitlesel \u00e7evrimi\u00e7i kurs olan AtademiX\u2019te de yay\u0131nlanacakt\u0131r. A\u00e7\u0131k ve Uzaktan \u00d6\u011fretim Fak\u00fcltesi \u00f6\u011frencileriyle de payla\u015f\u0131lacak olan videolarla birlikte Gass\u2019\u0131n \u201c\u0130kinci Dil Edinimi Modeli\u201dnin fark\u0131ndal\u0131k kategorisinden destek al\u0131narak izleyenlere haz\u0131rlanan yar\u0131 yap\u0131land\u0131r\u0131lm\u0131\u015f sorular sorulacakt\u0131r. Al\u0131nan cevaplar \u00fczerine elde edilen verilerle dil edinimi ve \u00f6\u011frenimi \u00fczerine fark\u0131ndal\u0131k olup olmad\u0131\u011f\u0131 ortaya konulacak ve sonras\u0131nda fark\u0131ndal\u0131\u011f\u0131n nas\u0131l geli\u015ftirilebilece\u011fine y\u00f6nelik hedefler belirlenecektir.<\/p>\n","protected":false},"excerpt":{"rendered":"<p>Projemiz, s\u00fcrd\u00fcr\u00fclebilir ve nitelikli e\u011fitim kapsam\u0131nda, \u00f6\u011frenen a\u00e7\u0131s\u0131ndan dil edinimini en iyi performansta kullanma ve yabanc\u0131 dili konu\u015fabilme i\u00e7in gerekli olan ko\u015fullar\u0131n neler oldu\u011funu belirleme amac\u0131yla y\u00fcr\u00fct\u00fclmektedir. Yabanc\u0131 dil, ileti\u015fim, medya ve bilgisayar teknolojileri alanlar\u0131nda uzman akademisyenlerden olu\u015fan proje ekibimiz; yabanc\u0131 dil edinimini yenilik\u00e7i ve e\u011flenceli y\u00f6ntemlerle sevdirmeyi ama\u00e7lamaktad\u0131r. Dijital ileti\u015fim ve dijital e\u011fitimin \u00f6n [&hellip;]<\/p>\n","protected":false},"author":1,"featured_media":0,"parent":0,"menu_order":0,"comment_status":"closed","ping_status":"closed","template":"","meta":{"_uag_custom_page_level_css":"","footnotes":""},"class_list":["post-206","page","type-page","status-publish","hentry"],"uagb_featured_image_src":{"full":false,"thumbnail":false,"medium":false,"medium_large":false,"large":false,"1536x1536":false,"2048x2048":false},"uagb_author_info":{"display_name":"admin","author_link":"https:\/\/www.yabancidiledinimi.com\/site\/author\/admin\/"},"uagb_comment_info":0,"uagb_excerpt":"Projemiz, s\u00fcrd\u00fcr\u00fclebilir ve nitelikli e\u011fitim kapsam\u0131nda, \u00f6\u011frenen a\u00e7\u0131s\u0131ndan dil edinimini en iyi performansta kullanma ve yabanc\u0131 dili konu\u015fabilme i\u00e7in gerekli olan ko\u015fullar\u0131n neler oldu\u011funu belirleme amac\u0131yla y\u00fcr\u00fct\u00fclmektedir. Yabanc\u0131 dil, ileti\u015fim, medya ve bilgisayar teknolojileri alanlar\u0131nda uzman akademisyenlerden olu\u015fan proje ekibimiz; yabanc\u0131 dil edinimini yenilik\u00e7i ve e\u011flenceli y\u00f6ntemlerle sevdirmeyi ama\u00e7lamaktad\u0131r. Dijital ileti\u015fim ve dijital e\u011fitimin \u00f6n&hellip;","_links":{"self":[{"href":"https:\/\/www.yabancidiledinimi.com\/site\/wp-json\/wp\/v2\/pages\/206","targetHints":{"allow":["GET"]}}],"collection":[{"href":"https:\/\/www.yabancidiledinimi.com\/site\/wp-json\/wp\/v2\/pages"}],"about":[{"href":"https:\/\/www.yabancidiledinimi.com\/site\/wp-json\/wp\/v2\/types\/page"}],"author":[{"embeddable":true,"href":"https:\/\/www.yabancidiledinimi.com\/site\/wp-json\/wp\/v2\/users\/1"}],"replies":[{"embeddable":true,"href":"https:\/\/www.yabancidiledinimi.com\/site\/wp-json\/wp\/v2\/comments?post=206"}],"version-history":[{"count":1,"href":"https:\/\/www.yabancidiledinimi.com\/site\/wp-json\/wp\/v2\/pages\/206\/revisions"}],"predecessor-version":[{"id":207,"href":"https:\/\/www.yabancidiledinimi.com\/site\/wp-json\/wp\/v2\/pages\/206\/revisions\/207"}],"wp:attachment":[{"href":"https:\/\/www.yabancidiledinimi.com\/site\/wp-json\/wp\/v2\/media?parent=206"}],"curies":[{"name":"wp","href":"https:\/\/api.w.org\/{rel}","templated":true}]}}