{"id":210,"date":"2024-06-03T12:37:01","date_gmt":"2024-06-03T12:37:01","guid":{"rendered":"https:\/\/www.yabancidiledinimi.com\/site\/?page_id=210"},"modified":"2024-06-03T12:37:01","modified_gmt":"2024-06-03T12:37:01","slug":"yabanci-dil-edinimi","status":"publish","type":"page","link":"https:\/\/www.yabancidiledinimi.com\/site\/yabanci-dil-edinimi\/","title":{"rendered":"Yabanc\u0131 Dil Edinimi"},"content":{"rendered":"\n<p>Yabanc\u0131 dil edinimi, bireylerin anadillerinden ayr\u0131 herhangi bir dili \u00f6\u011frenmek i\u00e7in olu\u015fturulan bir s\u00fcrece verilen ad olarak tan\u0131mlanabilir. Dil; hayat\u0131m\u0131z\u0131n vazge\u00e7ilmez bir unsuru olarak etkili ileti\u015fim kurman\u0131n yan\u0131 s\u0131ra k\u00fclt\u00fcrel olarak da toplumlar\u0131 bir araya getirme potansiyelini bar\u0131nd\u0131rmaktad\u0131r. Ana dilimizin yan\u0131nda ikinci bir dil yani yabanc\u0131 dili edinmek de hem insanlarla anla\u015fmak hem de k\u00fclt\u00fcrel kazan\u0131mlar sa\u011flamak i\u00e7in bir ara\u00e7t\u0131r. Yabanc\u0131 dil edinimi; \u00fczerinde d\u00fc\u015f\u00fcn\u00fclen, \u00e7al\u0131\u015fmalar yap\u0131lan ve s\u00fcrekli g\u00fcncelli\u011fini koruyan bir alan olarak kar\u015f\u0131m\u0131za \u00e7\u0131kmaktad\u0131r. <\/p>\n\n\n\n<p>G\u00fcn\u00fcm\u00fczde yabanc\u0131 dil edinimi ve \u00f6\u011fretimi k\u00fc\u00e7\u00fck ya\u015flardan itibaren \u00fczerinde durulmas\u0131 gereken \u00f6nemli konulardan biridir. Yabanc\u0131 dil edinimi konusunda ge\u00e7mi\u015ften gelen baz\u0131 \u00e7ekinceler ve isteksizlikler bu ba\u011flamda olumsuzluklara yol a\u00e7abilmektedir. Bu olumsuzluklar\u0131 a\u015fmak i\u00e7in \u00f6zellikle e\u011fitimcilerin bireyleri ve toplumlar\u0131 y\u00f6nlendirmeleri gereklidir. Bu y\u00f6nlendirmelerden biri de dil edinimine y\u00f6nelik fark\u0131ndal\u0131k kazand\u0131rmakt\u0131r. Dil edinimine y\u00f6nelik literat\u00fcr incelendi\u011finde dil edinimi \u00fczerine \u00e7al\u0131\u015fmalar yapan Susan Gass\u2019\u0131n \u201c\u0130kinci Dil Edinimi Modeli\u201d ne rastlan\u0131lm\u0131\u015ft\u0131r. <\/p>\n\n\n\n<p>Bu modelde fark\u0131ndal\u0131k girdisi, anla\u015f\u0131lm\u0131\u015f girdi, i\u00e7selle\u015ftirme, entegrasyon ve \u00e7\u0131kt\u0131 olarak be\u015f \u00f6\u011frenme alan\u0131 oldu\u011fu g\u00f6r\u00fclmektedir. Gass, bu \u00f6\u011frenme d\u00fczeylerine odaklanm\u0131\u015ft\u0131r. Bu d\u00fczeyler \u00fczerinden ikinci dil \u00e7al\u0131\u015fmalar\u0131nda temel amac\u0131n dil ediniminin ne \u015fekilde ortaya \u00e7\u0131kt\u0131\u011f\u0131n\u0131 anlatarak genel bir \u00e7er\u00e7eve kurmak oldu\u011funu ifade etmektedir.<\/p>\n","protected":false},"excerpt":{"rendered":"<p>Yabanc\u0131 dil edinimi, bireylerin anadillerinden ayr\u0131 herhangi bir dili \u00f6\u011frenmek i\u00e7in olu\u015fturulan bir s\u00fcrece verilen ad olarak tan\u0131mlanabilir. Dil; hayat\u0131m\u0131z\u0131n vazge\u00e7ilmez bir unsuru olarak etkili ileti\u015fim kurman\u0131n yan\u0131 s\u0131ra k\u00fclt\u00fcrel olarak da toplumlar\u0131 bir araya getirme potansiyelini bar\u0131nd\u0131rmaktad\u0131r. Ana dilimizin yan\u0131nda ikinci bir dil yani yabanc\u0131 dili edinmek de hem insanlarla anla\u015fmak hem de k\u00fclt\u00fcrel [&hellip;]<\/p>\n","protected":false},"author":1,"featured_media":0,"parent":0,"menu_order":0,"comment_status":"closed","ping_status":"closed","template":"","meta":{"_uag_custom_page_level_css":"","footnotes":""},"class_list":["post-210","page","type-page","status-publish","hentry"],"uagb_featured_image_src":{"full":false,"thumbnail":false,"medium":false,"medium_large":false,"large":false,"1536x1536":false,"2048x2048":false},"uagb_author_info":{"display_name":"admin","author_link":"https:\/\/www.yabancidiledinimi.com\/site\/author\/admin\/"},"uagb_comment_info":0,"uagb_excerpt":"Yabanc\u0131 dil edinimi, bireylerin anadillerinden ayr\u0131 herhangi bir dili \u00f6\u011frenmek i\u00e7in olu\u015fturulan bir s\u00fcrece verilen ad olarak tan\u0131mlanabilir. Dil; hayat\u0131m\u0131z\u0131n vazge\u00e7ilmez bir unsuru olarak etkili ileti\u015fim kurman\u0131n yan\u0131 s\u0131ra k\u00fclt\u00fcrel olarak da toplumlar\u0131 bir araya getirme potansiyelini bar\u0131nd\u0131rmaktad\u0131r. Ana dilimizin yan\u0131nda ikinci bir dil yani yabanc\u0131 dili edinmek de hem insanlarla anla\u015fmak hem de k\u00fclt\u00fcrel&hellip;","_links":{"self":[{"href":"https:\/\/www.yabancidiledinimi.com\/site\/wp-json\/wp\/v2\/pages\/210","targetHints":{"allow":["GET"]}}],"collection":[{"href":"https:\/\/www.yabancidiledinimi.com\/site\/wp-json\/wp\/v2\/pages"}],"about":[{"href":"https:\/\/www.yabancidiledinimi.com\/site\/wp-json\/wp\/v2\/types\/page"}],"author":[{"embeddable":true,"href":"https:\/\/www.yabancidiledinimi.com\/site\/wp-json\/wp\/v2\/users\/1"}],"replies":[{"embeddable":true,"href":"https:\/\/www.yabancidiledinimi.com\/site\/wp-json\/wp\/v2\/comments?post=210"}],"version-history":[{"count":1,"href":"https:\/\/www.yabancidiledinimi.com\/site\/wp-json\/wp\/v2\/pages\/210\/revisions"}],"predecessor-version":[{"id":211,"href":"https:\/\/www.yabancidiledinimi.com\/site\/wp-json\/wp\/v2\/pages\/210\/revisions\/211"}],"wp:attachment":[{"href":"https:\/\/www.yabancidiledinimi.com\/site\/wp-json\/wp\/v2\/media?parent=210"}],"curies":[{"name":"wp","href":"https:\/\/api.w.org\/{rel}","templated":true}]}}